{"id":6,"date":"2021-07-25T15:32:10","date_gmt":"2021-07-25T13:32:10","guid":{"rendered":"http:\/\/jaspero.lewinskifotografia.pl\/?page_id=6"},"modified":"2021-12-13T19:33:55","modified_gmt":"2021-12-13T18:33:55","slug":"witaj","status":"publish","type":"page","link":"https:\/\/jaspero.lewinskifotografia.pl\/","title":{"rendered":"Start"},"content":{"rendered":"<div  class=\"one withsmallpadding ppb_text\" style=\"padding:30px 0 30px 0;\" >\n<div class=\"standard_wrapper\">\n<div class=\"page_content_wrapper\">\n<div class=\"inner\">\n<div style=\"margin:auto;width:100%\">\n<h3 style=\"text-align: center;\"><em><strong>Kto\u015b, kto nigdy nie mia\u0142 psa, przeoczy\u0142 cudown\u0105 cz\u0119\u015b\u0107 \u017cycia.<\/strong><\/em><\/h3>\n<\/div>\n<\/div>\n<\/div>\n<\/div>\n<\/div>\n<div  class=\"one withsmallpadding ppb_text\" style=\"padding:30px 0 30px 0;\" >\n<div class=\"standard_wrapper\">\n<div class=\"page_content_wrapper\">\n<div class=\"inner\">\n<div style=\"margin:auto;width:100%\">\n<h3 style=\"text-align: center;\"><em><strong>Kto\u015b, kto nigdy nie mia\u0142 psa, przeoczy\u0142 cudown\u0105 cz\u0119\u015b\u0107 \u017cycia.<\/strong><\/em><\/h3>\n<\/div>\n<\/div>\n<\/div>\n<\/div>\n<\/div>\n","protected":false},"excerpt":{"rendered":"","protected":false},"author":1,"featured_media":0,"parent":0,"menu_order":0,"comment_status":"closed","ping_status":"closed","template":"","meta":{"_monsterinsights_skip_tracking":false,"_monsterinsights_sitenote_active":false,"_monsterinsights_sitenote_note":"","_monsterinsights_sitenote_category":0,"footnotes":""},"class_list":["post-6","page","type-page","status-publish","hentry"],"aioseo_notices":[],"_links":{"self":[{"href":"https:\/\/jaspero.lewinskifotografia.pl\/index.php\/wp-json\/wp\/v2\/pages\/6","targetHints":{"allow":["GET"]}}],"collection":[{"href":"https:\/\/jaspero.lewinskifotografia.pl\/index.php\/wp-json\/wp\/v2\/pages"}],"about":[{"href":"https:\/\/jaspero.lewinskifotografia.pl\/index.php\/wp-json\/wp\/v2\/types\/page"}],"author":[{"embeddable":true,"href":"https:\/\/jaspero.lewinskifotografia.pl\/index.php\/wp-json\/wp\/v2\/users\/1"}],"replies":[{"embeddable":true,"href":"https:\/\/jaspero.lewinskifotografia.pl\/index.php\/wp-json\/wp\/v2\/comments?post=6"}],"version-history":[{"count":54,"href":"https:\/\/jaspero.lewinskifotografia.pl\/index.php\/wp-json\/wp\/v2\/pages\/6\/revisions"}],"predecessor-version":[{"id":5982,"href":"https:\/\/jaspero.lewinskifotografia.pl\/index.php\/wp-json\/wp\/v2\/pages\/6\/revisions\/5982"}],"wp:attachment":[{"href":"https:\/\/jaspero.lewinskifotografia.pl\/index.php\/wp-json\/wp\/v2\/media?parent=6"}],"curies":[{"name":"wp","href":"https:\/\/api.w.org\/{rel}","templated":true}]}}