{"id":5810,"date":"2021-07-27T21:27:07","date_gmt":"2021-07-27T19:27:07","guid":{"rendered":"http:\/\/jaspero.lewinskifotografia.pl\/?page_id=5810"},"modified":"2021-12-13T15:49:09","modified_gmt":"2021-12-13T14:49:09","slug":"sesja-fotograficzna","status":"publish","type":"page","link":"https:\/\/jaspero.lewinskifotografia.pl\/index.php\/sesja-fotograficzna\/","title":{"rendered":"Sesja fotograficzna"},"content":{"rendered":"<div  class=\"one ppb_pricing\" style=\"padding:30px 0 30px 0;\" >\n<div class=\"standard_wrapper\">\n<div class=\"page_content_wrapper\">\n<div class=\"inner\">\n<div class=\"pricing_content_wrapper light\">\n<div class=\"pricing one_third featured \">\n<div class=\"pricing_wrapper_border\">\n<ul class=\"pricing_wrapper\">\n<li class=\"title_row featured\" style=\"color:;\">Sesja w studio<\/li>\n<li class=\"price_row\"><strong>PLN<\/strong><em class=\"exact_price\" style=\"color:;\">550<\/em><em class=\"time\">60 minut<\/em><\/li>\n<li>Na sesj\u0119 rezerwujemy ok 60 minut.  Sam czas zdj\u0119ciowy to ok 20-30 minut, gdy\u017c niestety nasi pupile raczej szybko si\u0119 nudz\u0105 pozowaniem. Dodatkowy czas przeznaczony jest na zapoznanie si\u0119 zwierzaka ze studiem, z nami oraz na przerwy mi\u0119dzy zdj\u0119ciami. Doskonale zdajemy sobie spraw\u0119 \u017ce praca ze zwierz\u0119tami rz\u0105dzi si\u0119 swoimi prawami :).\n<\/li>\n<li>Z sesji otrzymujesz min 5 zdj\u0119\u0107 w formie cyfrowej do pobrania.\n<\/li>\n<li>Wszelkich dodatkowych informacji oraz instrukcji jak przygotowa\u0107 si\u0119 do sesji udzielamy przed sesj\u0105.<\/li>\n<li class=\"button_row featured\"><a href=\"\" class=\"button\"  style=\"background:;border-color:;color:#fff;\"><\/a><\/li>\n<\/ul>\n<\/div>\n<\/div>\n<div class=\"pricing one_third featured \">\n<div class=\"pricing_wrapper_border\">\n<ul class=\"pricing_wrapper\">\n<li class=\"title_row featured\" style=\"color:;\">Sesja u Ciebie w domu<\/li>\n<li class=\"price_row\"><strong>PLN<\/strong><em class=\"exact_price\" style=\"color:;\">350<\/em><em class=\"time\">60 minut<\/em><\/li>\n<li>Je\u017celi masz ochot\u0119 i wystarczaj\u0105co miejsca w domu &#8211; to mo\u017cemy zrobi\u0107 sesj\u0119 u Ciebie w domu &#x1f642; Ma to swoje plusy gdy\u017c zwierzak nie musi si\u0119 przyzwyczaja\u0107 do zmiany otoczenia a jedynie obw\u0105cha\u0107 nasz sprz\u0119t i nas samych &#x1f642;\n<\/li>\n<li>Z sesji otrzymujesz min 5 zdj\u0119\u0107 w formie cyfrowej do pobrania.\n<\/li>\n<li>Wszelkich dodatkowych informacji oraz instrukcji jak przygotowa\u0107 si\u0119 do sesji udzielamy przed sesj\u0105.<\/li>\n<li class=\"button_row featured\"><a href=\"\" class=\"button\"  style=\"background:;border-color:;color:#fff;\">guzik<\/a><\/li>\n<\/ul>\n<\/div>\n<\/div>\n<div class=\"pricing one_third  last\">\n<div class=\"pricing_wrapper_border\">\n<ul class=\"pricing_wrapper\">\n<li class=\"title_row \" style=\"color:;\">Dodatkowe zwierz\u0119<\/li>\n<li class=\"price_row\"><strong>PLN<\/strong><em class=\"exact_price\" style=\"color:;\">150<\/em><em class=\"time\"><\/em><\/li>\n<li>Im nas wi\u0119cej tym ra\u017aniej!!!\n<\/li>\n<li>Podstawowa cena zawiera sesj\u0119 da jednego zwierz\u0119cia ale oczywi\u015bcie bywa i tak \u017ce na sesj\u0119 ch\u0119tnych jest wi\u0119cej. Koszt ka\u017cdego dodatkowego zwierz\u0119cia to 150 z\u0142 &#8211; g\u00f3rnego limitu ch\u0119tnych nie ma &#x1f642;<\/li>\n<li class=\"button_row \"><a href=\"\" class=\"button\"  style=\"background:;border-color:;color:#fff;\"><\/a><\/li>\n<\/ul>\n<\/div>\n<\/div>\n<\/div>\n<\/div>\n<\/div>\n<\/div>\n<\/div>\n","protected":false},"excerpt":{"rendered":"","protected":false},"author":1,"featured_media":0,"parent":0,"menu_order":0,"comment_status":"closed","ping_status":"closed","template":"","meta":{"_monsterinsights_skip_tracking":false,"_monsterinsights_sitenote_active":false,"_monsterinsights_sitenote_note":"","_monsterinsights_sitenote_category":0,"footnotes":""},"class_list":["post-5810","page","type-page","status-publish","hentry"],"aioseo_notices":[],"_links":{"self":[{"href":"https:\/\/jaspero.lewinskifotografia.pl\/index.php\/wp-json\/wp\/v2\/pages\/5810","targetHints":{"allow":["GET"]}}],"collection":[{"href":"https:\/\/jaspero.lewinskifotografia.pl\/index.php\/wp-json\/wp\/v2\/pages"}],"about":[{"href":"https:\/\/jaspero.lewinskifotografia.pl\/index.php\/wp-json\/wp\/v2\/types\/page"}],"author":[{"embeddable":true,"href":"https:\/\/jaspero.lewinskifotografia.pl\/index.php\/wp-json\/wp\/v2\/users\/1"}],"replies":[{"embeddable":true,"href":"https:\/\/jaspero.lewinskifotografia.pl\/index.php\/wp-json\/wp\/v2\/comments?post=5810"}],"version-history":[{"count":6,"href":"https:\/\/jaspero.lewinskifotografia.pl\/index.php\/wp-json\/wp\/v2\/pages\/5810\/revisions"}],"predecessor-version":[{"id":5923,"href":"https:\/\/jaspero.lewinskifotografia.pl\/index.php\/wp-json\/wp\/v2\/pages\/5810\/revisions\/5923"}],"wp:attachment":[{"href":"https:\/\/jaspero.lewinskifotografia.pl\/index.php\/wp-json\/wp\/v2\/media?parent=5810"}],"curies":[{"name":"wp","href":"https:\/\/api.w.org\/{rel}","templated":true}]}}