{"id":5802,"date":"2021-07-27T10:06:31","date_gmt":"2021-07-27T08:06:31","guid":{"rendered":"http:\/\/jaspero.lewinskifotografia.pl\/?page_id=5802"},"modified":"2021-12-14T15:41:49","modified_gmt":"2021-12-14T14:41:49","slug":"nasza-historia","status":"publish","type":"page","link":"https:\/\/jaspero.lewinskifotografia.pl\/index.php\/nasza-historia\/","title":{"rendered":"Nasza historia"},"content":{"rendered":"<div  class=\"one withsmallpadding ppb_header \" style=\"text-align:left;padding:30px 0 30px 0;\" >\n<div class=\"standard_wrapper\">\n<div class=\"page_content_wrapper\">\n<div class=\"inner\">\n<div style=\"margin:auto;width:100%\">\n<h2 class=\"ppb_title\" style=\"\">Nasza historia<\/h2>\n<hr class=\"title_break left\" style=\"\"\/>\n<div class=\"ppb_header_content\">\n<p>Wszystko zacz\u0119\u0142o si\u0119, kiedy w naszym \u017cyciu pojawi\u0142 si\u0119 ON&#8230;<\/p>\n<\/div>\n<\/div>\n<\/div>\n<\/div>\n<\/div>\n<\/div>\n<div  class=\"one\" style=\"padding:0px 0 0px 0;\" >\n<div class=\"standard_wrapper\">\n<div class=\"page_content_wrapper\">\n<div class=\"inner\">\n<div class=\"one_half content_middle textright\">\n<p style=\"text-align: center;\">Jasper&#8230;niesamowity Golden Retriever.<\/p>\n<p>Dzie\u0144 kiedy do\u0142\u0105czy\u0142 do naszej rodziny, odmieni\u0142 nasze \u017cycie na zawsze.<\/p>\n<p>Nauczy\u0142 czym jest bezwarunkowa mi\u0142o\u015b\u0107&#8230;by\u0142 ogromnym pieszczochem&#8230;<\/p>\n<p>Jego rado\u015b\u0107 przy ka\u017cdym powrocie do domu, nawet gdy nie by\u0142o nas tylko chwil\u0119&#8230;<\/p>\n<p>Nieko\u0144cz\u0105ce si\u0119 zabawy na widok spadaj\u0105cego \u015bniegu czy merdaj\u0105cy ogon przy otwieraniu lod\u00f3wki&#8230;<\/p>\n<p>Te wszystkie chwile budowa\u0142y nasz wsp\u00f3lny \u015bwiat.<\/p>\n<p>Kiedy po 12 latach nadszed\u0142 dzie\u0144, gdy Jasper wyruszy\u0142 w dalsz\u0105 podr\u00f3\u017c &#8211; bez nas&#8230;..nasta\u0142 ogromy smutek. Z mi\u0142o\u015bci do Jaspera zrodzi\u0142 si\u0119 w naszych g\u0142owach pomys\u0142, aby ka\u017cdy m\u00f3g\u0142 mie\u0107 wyj\u0105tkowy portret swojego przyjaciela.<\/p>\n<p>Portret, kt\u00f3ry zostanie z Tob\u0105 na zawsze.<\/p><\/div>\n<div class=\"one_half last\"><\/div>\n<p><br class=\"clear\"\/><\/div>\n<\/div>\n<\/div>\n<\/div>\n","protected":false},"excerpt":{"rendered":"","protected":false},"author":1,"featured_media":0,"parent":0,"menu_order":0,"comment_status":"closed","ping_status":"closed","template":"","meta":{"_monsterinsights_skip_tracking":false,"_monsterinsights_sitenote_active":false,"_monsterinsights_sitenote_note":"","_monsterinsights_sitenote_category":0,"footnotes":""},"class_list":["post-5802","page","type-page","status-publish","hentry"],"aioseo_notices":[],"_links":{"self":[{"href":"https:\/\/jaspero.lewinskifotografia.pl\/index.php\/wp-json\/wp\/v2\/pages\/5802","targetHints":{"allow":["GET"]}}],"collection":[{"href":"https:\/\/jaspero.lewinskifotografia.pl\/index.php\/wp-json\/wp\/v2\/pages"}],"about":[{"href":"https:\/\/jaspero.lewinskifotografia.pl\/index.php\/wp-json\/wp\/v2\/types\/page"}],"author":[{"embeddable":true,"href":"https:\/\/jaspero.lewinskifotografia.pl\/index.php\/wp-json\/wp\/v2\/users\/1"}],"replies":[{"embeddable":true,"href":"https:\/\/jaspero.lewinskifotografia.pl\/index.php\/wp-json\/wp\/v2\/comments?post=5802"}],"version-history":[{"count":40,"href":"https:\/\/jaspero.lewinskifotografia.pl\/index.php\/wp-json\/wp\/v2\/pages\/5802\/revisions"}],"predecessor-version":[{"id":6019,"href":"https:\/\/jaspero.lewinskifotografia.pl\/index.php\/wp-json\/wp\/v2\/pages\/5802\/revisions\/6019"}],"wp:attachment":[{"href":"https:\/\/jaspero.lewinskifotografia.pl\/index.php\/wp-json\/wp\/v2\/media?parent=5802"}],"curies":[{"name":"wp","href":"https:\/\/api.w.org\/{rel}","templated":true}]}}